{"id":2370,"date":"2026-04-11T23:22:23","date_gmt":"2026-04-12T03:22:23","guid":{"rendered":"https:\/\/colegiosanfranciscocoll.cl\/home\/?page_id=2370"},"modified":"2026-04-11T23:23:41","modified_gmt":"2026-04-12T03:23:41","slug":"material-de-apoyo-2026","status":"publish","type":"page","link":"https:\/\/colegiosanfranciscocoll.cl\/home\/material-de-apoyo-2026\/","title":{"rendered":"Material de apoyo 2026"},"content":{"rendered":"<p>[vc_row][vc_column][vc_column_text]<\/p>\n<h1>\u00a0<\/h1>\n<h1 style=\"text-align: center;\">Material de apoyo 2026<\/h1>\n<table style=\"height: 378px;\">\n<tbody>\n<tr style=\"height: 90px;\">\n<td style=\"height: 90px;\" width=\"458\">\n<h1 style=\"text-align: center;\"><span style=\"color: #003366;\"><strong>Cursos A<\/strong><\/span><\/h1>\n<\/td>\n<td style=\"text-align: center; height: 90px;\" width=\"458\">\n<h1><span style=\"color: #003366;\"><strong>Cursos B<\/strong><\/span><\/h1>\n<\/td>\n<\/tr>\n<tr style=\"height: 24px;\">\n<td style=\"text-align: center; height: 24px;\" width=\"458\"><a href=\"https:\/\/drive.google.com\/drive\/folders\/1471eHDDLTUqpIA3bqAcZyBGBMpNJnYRn?usp=drive_link\" target=\"_blank\" rel=\"noopener\"><strong>Pre Kinder<\/strong><\/a><\/td>\n<td style=\"text-align: center; height: 24px;\" width=\"458\"><a href=\"https:\/\/drive.google.com\/drive\/folders\/1Az3nYraofndBAp7yzOg9ydJPS6d3LAeb?usp=drive_link\" target=\"_blank\" rel=\"noopener\"><strong>Pre Kinder<\/strong><\/a><\/td>\n<\/tr>\n<tr style=\"height: 24px;\">\n<td style=\"text-align: center; height: 21px;\" width=\"458\"><a href=\"https:\/\/drive.google.com\/drive\/folders\/1syiVs2dizdaIV4vny-EZQ0VNA9KL6S1V?usp=drive_link\" target=\"_blank\" rel=\"noopener\"><strong>Kinder<\/strong><\/a><\/td>\n<td style=\"text-align: center; height: 21px;\" width=\"458\"><a href=\"https:\/\/drive.google.com\/drive\/folders\/13Vl4qXmUk8JV8LYtVv_K0Csx4eGeuWm6?usp=drive_link\" target=\"_blank\" rel=\"noopener\"><strong>Kinder<\/strong><\/a><\/td>\n<\/tr>\n<tr style=\"height: 24px;\">\n<td style=\"text-align: center; height: 24px;\" width=\"458\"><a href=\"https:\/\/drive.google.com\/drive\/folders\/1p21yXlwinvP4Gd5o_9-WMrsG4XjKrf4K?usp=drive_link\" target=\"_blank\" rel=\"noopener\"><strong>Primero B\u00e1sico<\/strong><\/a><\/td>\n<td style=\"text-align: center; height: 24px;\" width=\"458\"><a href=\"https:\/\/drive.google.com\/drive\/folders\/15C7yC1XbMB-T5J72IC37cvMJkWPs33ss?usp=drive_link\" target=\"_blank\" rel=\"noopener\"><strong>Primero B\u00e1sico<\/strong><\/a><\/td>\n<\/tr>\n<tr style=\"height: 24px;\">\n<td style=\"text-align: center; height: 24px;\" width=\"458\"><a href=\"https:\/\/drive.google.com\/drive\/folders\/1a5N_1ZHDnyvw8Pe20xzINpIZSglZNd7l?usp=drive_link\" target=\"_blank\" rel=\"noopener\"><strong>Segundo B\u00e1sico<\/strong><\/a><\/td>\n<td style=\"text-align: center; height: 24px;\" width=\"458\"><a href=\"https:\/\/drive.google.com\/drive\/folders\/13GK7F5k88XcS8hU_KH9rCC_MMaqdjCvz?usp=drive_link\" target=\"_blank\" rel=\"noopener\"><strong>Segundo B\u00e1sico<\/strong><\/a><\/td>\n<\/tr>\n<tr style=\"height: 24px;\">\n<td style=\"text-align: center; height: 24px;\" width=\"458\"><a href=\"https:\/\/drive.google.com\/drive\/folders\/1_dpumW_DF9NqvPTw7JjIhWFQDCrh6uL6?usp=drive_link\" target=\"_blank\" rel=\"noopener\"><strong>Tercero B\u00e1sico<\/strong><\/a><\/td>\n<td style=\"text-align: center; height: 24px;\" width=\"458\"><a href=\"https:\/\/drive.google.com\/drive\/folders\/16qE8L2FNKUxOF2W4Sj3UJhJsL_70hdhk?usp=drive_link\" target=\"_blank\" rel=\"noopener\"><strong>Tercero B\u00e1sico<\/strong><\/a><\/td>\n<\/tr>\n<tr style=\"height: 24px;\">\n<td style=\"text-align: center; height: 24px;\" width=\"458\"><a href=\"https:\/\/drive.google.com\/drive\/folders\/1_Dpfsi609Mn_dVvlQAJipJs4hujlRRAZ?usp=drive_link\" target=\"_blank\" rel=\"noopener\"><strong>Cuarto B\u00e1sico<\/strong><\/a><\/td>\n<td style=\"text-align: center; height: 24px;\" width=\"458\"><a href=\"https:\/\/drive.google.com\/drive\/folders\/1Sossb82pRNCue-KQ_J31vtO8cewiuILp?usp=drive_link\" target=\"_blank\" rel=\"noopener\"><strong>Cuarto B\u00e1sico<\/strong><\/a><\/td>\n<\/tr>\n<tr style=\"height: 24px;\">\n<td style=\"text-align: center; height: 24px;\" width=\"458\"><a href=\"https:\/\/drive.google.com\/drive\/folders\/1SQDWmnYq3nvSosLiZuTfufRi-sLNlDa1?usp=drive_link\" target=\"_blank\" rel=\"noopener\"><strong>Quinto B\u00e1sico<\/strong><\/a><\/td>\n<td style=\"text-align: center; height: 24px;\" width=\"458\"><a href=\"https:\/\/drive.google.com\/drive\/folders\/1Mj0Eq9asynTiDkGHgDFznbnjgOSVVh1m?usp=drive_link\" target=\"_blank\" rel=\"noopener\"><strong>Quinto B\u00e1sico<\/strong><\/a><\/td>\n<\/tr>\n<tr style=\"height: 24px;\">\n<td style=\"text-align: center; height: 24px;\" width=\"458\"><a href=\"https:\/\/drive.google.com\/drive\/folders\/1hEbPWCe4cV1NVT92JqI0JrAWj9luId5R?usp=drive_link\" target=\"_blank\" rel=\"noopener\"><strong>Sexto B\u00e1sico<\/strong><\/a><\/td>\n<td style=\"text-align: center; height: 24px;\" width=\"458\"><a href=\"https:\/\/drive.google.com\/drive\/folders\/1xEPy6vbifWa-y9ZYF0w2SRlLXauwuaDR?usp=drive_link\" target=\"_blank\" rel=\"noopener\"><strong>Sexto B\u00e1sico<\/strong><\/a><\/td>\n<\/tr>\n<tr style=\"height: 24px;\">\n<td style=\"text-align: center; height: 24px;\" width=\"458\"><a href=\"https:\/\/drive.google.com\/drive\/folders\/1ZSemojH1780PIc-GVvErEGEWYiA6u6n5?usp=drive_link\" target=\"_blank\" rel=\"noopener\"><strong>S\u00e9ptimo B\u00e1sico<\/strong><\/a><\/td>\n<td style=\"text-align: center; height: 24px;\" width=\"458\"><a href=\"https:\/\/drive.google.com\/drive\/folders\/1-iB7yeVOBb6CQlkCG38v8bEtpAlH3uQM?usp=drive_link\" target=\"_blank\" rel=\"noopener\"><strong>S\u00e9ptimo B\u00e1sico<\/strong><\/a><\/td>\n<\/tr>\n<tr style=\"height: 24px;\">\n<td style=\"text-align: center; height: 24px;\" width=\"458\"><a href=\"https:\/\/drive.google.com\/drive\/folders\/1DW2HL6KIhk3x3rDEy0wBq2f-LMGVqEBN?usp=drive_link\" target=\"_blank\" rel=\"noopener\"><strong>Octavo B\u00e1sico<\/strong><\/a><\/td>\n<td style=\"text-align: center; height: 24px;\" width=\"458\"><a href=\"https:\/\/drive.google.com\/drive\/folders\/1yl1JgwfZLjbjbIPNpIf670VBgXyX3olJ?usp=drive_link\" target=\"_blank\" rel=\"noopener\"><strong>Octavo B\u00e1sico<\/strong><\/a><\/td>\n<\/tr>\n<tr style=\"height: 24px;\">\n<td style=\"text-align: center; height: 24px;\" width=\"458\"><a href=\"https:\/\/drive.google.com\/drive\/folders\/1cTCxf2HEvWyYsBhTAq0h6EjkDQp4Jqqj?usp=drive_link\" target=\"_blank\" rel=\"noopener\"><strong>Primero Medio<\/strong><\/a><\/td>\n<td style=\"text-align: center; height: 24px;\" width=\"458\"><a href=\"https:\/\/drive.google.com\/drive\/folders\/1fvpdxrHwfkXMvLLsuj3iwbg6k79kAicb?usp=drive_link\" target=\"_blank\" rel=\"noopener\"><strong>Primero Medio<\/strong><\/a><\/td>\n<\/tr>\n<tr style=\"height: 24px;\">\n<td style=\"text-align: center; height: 24px;\" width=\"458\"><a href=\"https:\/\/drive.google.com\/drive\/folders\/1Quk-RJeNiPTO8Y1tkwLZv-hL6FZ_3o6z?usp=drive_link\" target=\"_blank\" rel=\"noopener\"><strong>Segundo Medio<\/strong><\/a><\/td>\n<td style=\"text-align: center; height: 24px;\" width=\"458\"><a href=\"https:\/\/drive.google.com\/drive\/folders\/10LuCmt7JKu1JsZgWeOqvbki_3Bg_0dxV?usp=drive_link\" target=\"_blank\" rel=\"noopener\"><strong>Segundo Medio<\/strong><\/a><\/td>\n<\/tr>\n<tr style=\"height: 24px;\">\n<td style=\"text-align: center; height: 24px;\" width=\"458\"><a href=\"https:\/\/drive.google.com\/drive\/folders\/1z1wuZ5Vn2b7uXrMCWMcarOCNannjhydn?usp=drive_link\" target=\"_blank\" rel=\"noopener\"><strong>Tercero Medio<\/strong><\/a><\/td>\n<td style=\"text-align: center; height: 24px;\" width=\"458\"><a href=\"https:\/\/drive.google.com\/drive\/folders\/1DIkktOO2CuJh2b7qirSSf_7mCxP4HNtY?usp=drive_link\" target=\"_blank\" rel=\"noopener\"><strong>Tercero Medio<\/strong><\/a><\/td>\n<\/tr>\n<tr style=\"height: 24px;\">\n<td style=\"text-align: center; height: 24px;\" width=\"458\"><a href=\"https:\/\/drive.google.com\/drive\/folders\/1rG2rszc0dFPnx_4IdyUQpCLoxpNV9rPc?usp=drive_link\" target=\"_blank\" rel=\"noopener\"><strong>Cuarto Medio<\/strong><\/a><\/td>\n<td style=\"text-align: center; height: 24px;\" width=\"458\"><a href=\"https:\/\/drive.google.com\/drive\/folders\/1gah5wzahgoqJwQ-poQzDldzjwNeMW_HV?usp=drive_link\" target=\"_blank\" rel=\"noopener\"><strong>Cuarto Medio<\/strong><\/a><\/td>\n<\/tr>\n<tr style=\"height: 24px;\">\n<td style=\"text-align: center; height: 24px;\" width=\"458\"><a href=\"https:\/\/drive.google.com\/drive\/folders\/1HoPue6sJbR8CeBcFW_yt1L_ooYaJliOx?usp=drive_link\" target=\"_blank\" rel=\"noopener\"><strong>Diferenciado 3\u00b0 Medio A y B<\/strong><\/a><\/td>\n<td style=\"text-align: center; height: 24px;\" width=\"458\"><a href=\"https:\/\/drive.google.com\/drive\/folders\/1QTDYMHdE9lqUgvBpdgy32EaZh2q-EcFa?usp=drive_link\" target=\"_blank\" rel=\"noopener\"><strong>Material Estudiantes NNE<\/strong><\/a><\/td>\n<\/tr>\n<tr style=\"height: 24px;\">\n<td style=\"text-align: center; height: 24px;\" width=\"458\"><a href=\"https:\/\/drive.google.com\/drive\/folders\/1V2RE4zH4og55Vhl1NR1OE29izBQz3yIp?usp=drive_link\" target=\"_blank\" rel=\"noopener\"><strong>Diferenciado 4\u00b0 Medio A y B<\/strong><\/a><\/td>\n<td style=\"text-align: center; height: 24px;\" width=\"458\"><a href=\"https:\/\/drive.google.com\/drive\/folders\/13fZLbaYn5RP1jQQeB2Dz2i4pwbm06jqK?usp=drive_link\" target=\"_blank\" rel=\"noopener\"><strong>Material BiblioCRA<\/strong><\/a><\/td>\n<\/tr>\n<\/tbody>\n<\/table>\n<p>Estimados padres, se informa que para aquellos estudiantes que presentan necesidades educativas especiales, el medio de comunicaci\u00f3n con la educadora diferencial o psicopedagoga que corresponde, es a trav\u00e9s de la agenda del colegio.<\/p>\n\n<p>&nbsp;<\/p>\n<p>[\/vc_column_text][\/vc_column][\/vc_row]<\/p>\n","protected":false},"excerpt":{"rendered":"<p>[vc_row][vc_column][vc_column_text] \u00a0 Material de apoyo 2026 Cursos A Cursos B Pre Kinder Pre Kinder Kinder Kinder Primero B\u00e1sico Primero B\u00e1sico Segundo B\u00e1sico Segundo B\u00e1sico Tercero B\u00e1sico Tercero B\u00e1sico Cuarto B\u00e1sico Cuarto B\u00e1sico Quinto B\u00e1sico Quinto B\u00e1sico Sexto B\u00e1sico Sexto B\u00e1sico S\u00e9ptimo B\u00e1sico S\u00e9ptimo B\u00e1sico Octavo B\u00e1sico Octavo B\u00e1sico Primero Medio Primero Medio Segundo Medio Segundo Medio Tercero Medio Tercero Medio&nbsp;<a href=\"https:\/\/colegiosanfranciscocoll.cl\/home\/material-de-apoyo-2026\/\">&hellip;<\/a><\/p>\n","protected":false},"author":1,"featured_media":0,"parent":0,"menu_order":0,"comment_status":"closed","ping_status":"closed","template":"","meta":{"footnotes":""},"class_list":["post-2370","page","type-page","status-publish","hentry","odd"],"_links":{"self":[{"href":"https:\/\/colegiosanfranciscocoll.cl\/home\/wp-json\/wp\/v2\/pages\/2370","targetHints":{"allow":["GET"]}}],"collection":[{"href":"https:\/\/colegiosanfranciscocoll.cl\/home\/wp-json\/wp\/v2\/pages"}],"about":[{"href":"https:\/\/colegiosanfranciscocoll.cl\/home\/wp-json\/wp\/v2\/types\/page"}],"author":[{"embeddable":true,"href":"https:\/\/colegiosanfranciscocoll.cl\/home\/wp-json\/wp\/v2\/users\/1"}],"replies":[{"embeddable":true,"href":"https:\/\/colegiosanfranciscocoll.cl\/home\/wp-json\/wp\/v2\/comments?post=2370"}],"version-history":[{"count":37,"href":"https:\/\/colegiosanfranciscocoll.cl\/home\/wp-json\/wp\/v2\/pages\/2370\/revisions"}],"predecessor-version":[{"id":6226,"href":"https:\/\/colegiosanfranciscocoll.cl\/home\/wp-json\/wp\/v2\/pages\/2370\/revisions\/6226"}],"wp:attachment":[{"href":"https:\/\/colegiosanfranciscocoll.cl\/home\/wp-json\/wp\/v2\/media?parent=2370"}],"curies":[{"name":"wp","href":"https:\/\/api.w.org\/{rel}","templated":true}]}}